{"id":1878,"date":"2022-10-12T14:16:23","date_gmt":"2022-10-12T12:16:23","guid":{"rendered":"https:\/\/simeter.at\/privacy\/"},"modified":"2024-09-30T10:01:51","modified_gmt":"2024-09-30T08:01:51","slug":"privacy","status":"publish","type":"page","link":"https:\/\/simeter.at\/it\/privacy\/","title":{"rendered":"Protezione dei dati"},"content":{"rendered":"\t\t<div data-elementor-type=\"wp-page\" data-elementor-id=\"1878\" class=\"elementor elementor-1878 elementor-97\" data-elementor-post-type=\"page\">\n\t\t\t\t\t\t<section data-particle_enable=\"false\" data-particle-mobile-disabled=\"false\" class=\"ob-is-breaking-bad elementor-section elementor-top-section elementor-element elementor-element-dc864f2 elementor-section-boxed elementor-section-height-default elementor-section-height-default\" data-id=\"dc864f2\" data-element_type=\"section\" data-e-type=\"section\" data-settings=\"{&quot;_ob_bbad_use_it&quot;:&quot;yes&quot;,&quot;_ob_bbad_sssic_use&quot;:&quot;no&quot;,&quot;_ob_glider_is_slider&quot;:&quot;no&quot;}\">\n\t\t\t\t\t\t<div class=\"elementor-container elementor-column-gap-default\">\n\t\t\t\t\t<div class=\"elementor-column elementor-col-100 elementor-top-column elementor-element elementor-element-74ac1c8\" data-id=\"74ac1c8\" data-element_type=\"column\" data-e-type=\"column\" data-settings=\"{&quot;_ob_bbad_is_stalker&quot;:&quot;no&quot;,&quot;_ob_teleporter_use&quot;:false,&quot;_ob_column_hoveranimator&quot;:&quot;no&quot;,&quot;_ob_column_has_pseudo&quot;:&quot;no&quot;}\">\n\t\t\t<div class=\"elementor-widget-wrap elementor-element-populated\">\n\t\t\t\t\t\t<div class=\"elementor-element elementor-element-6ea5f99 ob-harakiri-inherit ob-has-background-overlay elementor-widget elementor-widget-text-editor\" data-id=\"6ea5f99\" data-element_type=\"widget\" data-e-type=\"widget\" data-settings=\"{&quot;_ob_use_harakiri&quot;:&quot;yes&quot;,&quot;_ob_harakiri_writing_mode&quot;:&quot;inherit&quot;,&quot;_ob_postman_use&quot;:&quot;no&quot;,&quot;_ob_perspektive_use&quot;:&quot;no&quot;,&quot;_ob_poopart_use&quot;:&quot;yes&quot;,&quot;_ob_shadough_use&quot;:&quot;no&quot;,&quot;_ob_allow_hoveranimator&quot;:&quot;no&quot;,&quot;_ob_widget_stalker_use&quot;:&quot;no&quot;}\" data-widget_type=\"text-editor.default\">\n\t\t\t\t<div class=\"elementor-widget-container\">\n\t\t\t\t\t\t\t\t\t<p><strong>La protezione dei tuoi dati personali \u00e8 particolarmente importante per noi.<\/strong> Pertanto elaboriamo i tuoi dati esclusivamente sulla base delle disposizioni di legge (GDPR, TKG 2003). In questa informativa sulla protezione dei dati ti informiamo sugli aspetti pi\u00f9 importanti del trattamento dei dati nell&#8217;ambito delle nostre attivit\u00e0 commerciali e del nostro sito web.<\/p>\n<p><strong>Contatto con noi<\/strong><br \/>Se ci contatta tramite modulo sul sito web o via e-mail, i dati da lei forniti saranno conservati da noi per sei mesi allo scopo di elaborare la richiesta e per eventuali domande successive. Non trasmettiamo questi dati senza il tuo consenso. In caso di conclusione di un contratto, i tuoi dati saranno conservati per 7 anni per disposizioni di legge (contabili).<\/p>\n<p><strong>Informativa sulla privacy ai sensi degli articoli 13 e 14 del GDPR<\/strong><br \/>Trattiamo i dati personali che rientrano nelle seguenti categorie di dati:<\/p>\n<ul>\n<li>nome\/azienda<\/li>\n<li>Data di nascita<\/li>\n<li>numero di registrazione della societ\u00e0<\/li>\n<li>poteri di rappresentanza<\/li>\n<li>Referente<\/li>\n<li>Indirizzo commerciale e altri indirizzi del cliente<\/li>\n<li>numero di telefono, numero di fax, indirizzo e-mail<\/li>\n<li>coordinate bancarie<\/li>\n<li>Numero UID<\/li>\n<li>Dati che ci fornisci per adempiere ai nostri obblighi contrattuali nel corso dei nostri rapporti commerciali.<\/li>\n<\/ul>\n<p><strong>Ci hai fornito volontariamente dati su di te e trattiamo questi dati sulla base del tuo consenso per le seguenti finalit\u00e0:<\/strong><\/p>\n<ul>\n<li>Anche il servizio clienti<\/li>\n<li>per i nostri scopi pubblicitari, ad esempio per inviare offerte, opuscoli pubblicitari e informazioni (in formato cartaceo ed elettronico).<\/li>\n<\/ul>\n<p><strong>Puoi revocare questo consenso in qualsiasi momento.<\/strong> Una revoca significa che da questo momento non elaboreremo pi\u00f9 i tuoi dati per le finalit\u00e0 sopra menzionate. Per una revoca contattare: <a href=\"tel:+43204762204752\">+43 4762 4752<\/a><\/p>\n<p>I dati da Lei forniti sono necessari anche per l&#8217;esecuzione del contratto o per l&#8217;esecuzione di misure precontrattuali. Senza questi dati non possiamo concludere il contratto con te.<\/p>\n<p><strong>Salviamo i tuoi dati<\/strong><br \/><strong>Dati per diritto contabile e tributario: 7 anni<\/strong><br \/><strong>_ \u00a7 132 par. 1 BAO: 7 anni<\/strong> Inoltre, fintanto che sono rilevanti per l&#8217;autorit\u00e0 fiscale in una procedura pendente)<br \/>_ Obbligo di conservazione aziendale secondo il <strong>\u00a7 190, 212 UGB: 7 anni<\/strong><br \/>_ Obbligo di conservazione IVA secondo<strong> \u00a7 18 par. 2 3. comma: 7 anni<\/strong><\/p>\n<p><strong>Dati per l&#8217;adempimento degli obblighi contrattuali:<\/strong><br \/>_ Garanzia secondo<strong> \u00a7 933 ABGB: 2 anni <\/strong>(beni mobili)<br \/>_ Richiesta del prezzo d&#8217;acquisto per beni mobili secondo <strong>\u00a7 1062 in combinazione con \u00a7 1486 ABGB: 3 anni<\/strong><br \/>_ Risarcimento generale secondo <strong>\u00a7 1489 ABGB<\/strong> (richieste di risarcimento): <strong>3 anni <\/strong>(se danno e responsabile sono noti)<\/p>\n<p>Utilizziamo processori contrattuali per questo trattamento dei dati. Trasmettiamo i tuoi dati ai seguenti destinatari o categorie di destinatari:<\/p>\n<ul>\n<li>Ufficio consulenza fiscale, ufficio tributario (adempimento obblighi di legge)<\/li>\n<\/ul>\n<p><strong>I tuoi dati saranno trattati all&#8217;interno dell&#8217;UE o del SEE.<\/strong> L&#8217;adeguato livello di protezione risulta da una decisione di adeguatezza della Commissione Europea ai sensi dell&#8217;articolo 45 GDPR.<\/p>\n<p><strong>Generale<\/strong><br \/>Ogni accesso al nostro sito web e ogni recupero di un file memorizzato sul nostro sito web vengono registrati. L&#8217;archiviazione serve a fini statistici e relativi al sistema interno. Vengono registrati: nome del file recuperato, data e ora di recupero, quantit\u00e0 di dati trasferiti, notifica di recupero riuscito, browser web e dominio richiedente. Inoltre, vengono registrati gli indirizzi IP dei computer richiedenti.<\/p>\n<p><strong>Link<\/strong><br \/>La nostra offerta contiene collegamenti <strong>a siti web esterni di terze parti<\/strong>, sui cui contenuti non abbiamo alcun controllo. Pertanto non possiamo assumerci alcuna responsabilit\u00e0 per questo contenuto esterno. Il rispettivo fornitore o gestore delle pagine \u00e8 sempre responsabile del contenuto delle pagine collegate. Le pagine collegate sono state controllate per possibili violazioni legali al momento del collegamento. Il contenuto illegale non era riconoscibile al momento del collegamento. Tuttavia, un controllo permanente del contenuto delle pagine collegate non \u00e8 ragionevole senza prove concrete di una violazione. Non appena veniamo a conoscenza di violazioni legali, rimuoveremo immediatamente tali collegamenti.<\/p>\n<p><strong>Cookie<\/strong><br \/>Il nostro sito web utilizza i cosiddetti cookie. Si tratta di piccoli file di testo che vengono memorizzati sul tuo dispositivo finale con l&#8217;aiuto del browser. Non fanno male. <strong>Utilizziamo i cookie per rendere la nostra offerta user-friendly.<\/strong> Alcuni cookie rimangono memorizzati sul tuo dispositivo finale fino a quando non li elimini. Ci consentono di riconoscere il tuo browser alla tua prossima visita. Se non lo desideri, puoi impostare il tuo browser in modo che ti informi sull&#8217;impostazione dei cookie e lo consenti solo in singoli casi. Se i cookie sono disattivati, la funzionalit\u00e0 del nostro sito Web potrebbe essere limitata.<\/p>\n<p><strong>Google Fonts<\/strong><br \/>Utilizziamo Google Fonts. I Google Fonts sono integrati localmente sul nostro server, quindi nessun dato viene ceduto a terzi!<\/p>\n<p><strong>Google Maps<\/strong> <br \/>Questo sito web utilizza l&#8217;API di Google Maps per visualizzare informazioni geografiche. Durante l&#8217;utilizzo di Google Maps, Google raccoglie, elabora e utilizza anche i dati relativi all&#8217;uso delle funzioni di Maps da parte dei visitatori del sito web. Ulteriori informazioni sul trattamento dei dati da parte di Google sono disponibili nell&#8217;informativa sulla privacy di Google: <a href=\"https:\/\/policies.google.com\/privacy\" target=\"_blank\" rel=\"noopener\">https:\/\/policies.google.com\/privacy<\/a>. L\u00ec \u00e8 possibile modificare le impostazioni nel centro per la privacy per gestire e proteggere i propri dati. Ulteriori istruzioni per la gestione dei propri dati relativi ai prodotti Google sono disponibili sulla pagina gestita da Google: <a href=\"https:\/\/policies.google.com\/privacy\" target=\"_blank\" rel=\"noopener\">https:\/\/policies.google.com\/privacy<\/a>   <\/p>\n<p><strong>Crittografia SSL<\/strong><br \/>Per motivi di sicurezza e per proteggere la trasmissione di contenuti riservati, come le richieste che ci invia in qualit\u00e0 di gestore del sito, il nostro sito web utilizza la crittografia SSL. \u00c8 possibile riconoscere una connessione crittografata dal fatto che la riga dell&#8217;indirizzo del browser cambia da &#8220;http:\/\/&#8221; a &#8220;https:\/\/&#8221; e dal simbolo del lucchetto nella riga del browser. Se la crittografia SSL \u00e8 attivata, i dati che ci trasmetti non possono essere letti da terzi.<\/p>\n<p><strong>I Suoi Diritti<\/strong><br \/>Ha generalmente il diritto di accesso, rettifica, cancellazione, limitazione, portabilit\u00e0 dei dati, revoca e opposizione. Se ritieni che il trattamento dei tuoi dati violi la legge sulla protezione dei dati o che i tuoi diritti alla protezione dei dati siano stati altrimenti violati in qualsiasi modo, puoi presentare un reclamo all&#8217;autorit\u00e0 di controllo. In Austria, questa \u00e8 l&#8217;autorit\u00e0 per la protezione dei dati.<\/p>\n<p><strong>Puoi contattarci utilizzando i seguenti recapiti:<\/strong><\/p>\n\t\t\t\t\t\t\t\t<\/div>\n\t\t\t\t<\/div>\n\t\t\t\t\t<\/div>\n\t\t<\/div>\n\t\t\t\t\t<\/div>\n\t\t<\/section>\n\t\t\t\t<section data-particle_enable=\"false\" data-particle-mobile-disabled=\"false\" class=\"ob-is-breaking-bad elementor-section elementor-top-section elementor-element elementor-element-df86a3f elementor-section-boxed elementor-section-height-default elementor-section-height-default\" data-id=\"df86a3f\" data-element_type=\"section\" data-e-type=\"section\" data-settings=\"{&quot;_ob_bbad_use_it&quot;:&quot;yes&quot;,&quot;_ob_bbad_sssic_use&quot;:&quot;no&quot;,&quot;_ob_glider_is_slider&quot;:&quot;no&quot;}\">\n\t\t\t\t\t\t<div class=\"elementor-container elementor-column-gap-default\">\n\t\t\t\t\t<div class=\"elementor-column elementor-col-100 elementor-top-column elementor-element elementor-element-aa0f663\" data-id=\"aa0f663\" data-element_type=\"column\" data-e-type=\"column\" data-settings=\"{&quot;_ob_bbad_is_stalker&quot;:&quot;no&quot;,&quot;_ob_teleporter_use&quot;:false,&quot;_ob_column_hoveranimator&quot;:&quot;no&quot;,&quot;_ob_column_has_pseudo&quot;:&quot;no&quot;}\">\n\t\t\t<div class=\"elementor-widget-wrap elementor-element-populated\">\n\t\t\t\t\t\t<div class=\"elementor-element elementor-element-b3de1ee ob-has-background-overlay elementor-widget elementor-widget-template\" data-id=\"b3de1ee\" data-element_type=\"widget\" data-e-type=\"widget\" data-settings=\"{&quot;_ob_perspektive_use&quot;:&quot;no&quot;,&quot;_ob_poopart_use&quot;:&quot;yes&quot;,&quot;_ob_shadough_use&quot;:&quot;no&quot;,&quot;_ob_allow_hoveranimator&quot;:&quot;no&quot;,&quot;_ob_widget_stalker_use&quot;:&quot;no&quot;}\" data-widget_type=\"template.default\">\n\t\t\t\t<div class=\"elementor-widget-container\">\n\t\t\t\t\t\t\t<div class=\"elementor-template\">\n\t\t\t\t\t<div data-elementor-type=\"section\" data-elementor-id=\"71\" class=\"elementor elementor-71\" data-elementor-post-type=\"elementor_library\">\n\t\t\t\t\t<section data-particle_enable=\"false\" data-particle-mobile-disabled=\"false\" class=\"ob-is-breaking-bad elementor-section elementor-top-section elementor-element elementor-element-dafe18b adressblock elementor-section-boxed elementor-section-height-default elementor-section-height-default\" data-id=\"dafe18b\" data-element_type=\"section\" data-e-type=\"section\" data-settings=\"{&quot;_ob_bbad_use_it&quot;:&quot;yes&quot;,&quot;_ob_bbad_sssic_use&quot;:&quot;no&quot;,&quot;_ob_glider_is_slider&quot;:&quot;no&quot;}\">\n\t\t\t\t\t\t<div class=\"elementor-container elementor-column-gap-default\">\n\t\t\t\t\t<div class=\"elementor-column elementor-col-100 elementor-top-column elementor-element elementor-element-ad073e1\" data-id=\"ad073e1\" data-element_type=\"column\" data-e-type=\"column\" data-settings=\"{&quot;_ob_bbad_is_stalker&quot;:&quot;no&quot;,&quot;_ob_teleporter_use&quot;:false,&quot;_ob_column_hoveranimator&quot;:&quot;no&quot;,&quot;_ob_column_has_pseudo&quot;:&quot;no&quot;}\">\n\t\t\t<div class=\"elementor-widget-wrap elementor-element-populated\">\n\t\t\t\t\t\t<div class=\"elementor-element elementor-element-7767914 adressblock ob-harakiri-inherit ob-has-background-overlay elementor-widget elementor-widget-text-editor\" data-id=\"7767914\" data-element_type=\"widget\" data-e-type=\"widget\" data-settings=\"{&quot;_ob_use_harakiri&quot;:&quot;yes&quot;,&quot;_ob_harakiri_writing_mode&quot;:&quot;inherit&quot;,&quot;_ob_postman_use&quot;:&quot;no&quot;,&quot;_ob_perspektive_use&quot;:&quot;no&quot;,&quot;_ob_poopart_use&quot;:&quot;yes&quot;,&quot;_ob_shadough_use&quot;:&quot;no&quot;,&quot;_ob_allow_hoveranimator&quot;:&quot;no&quot;,&quot;_ob_widget_stalker_use&quot;:&quot;no&quot;}\" data-widget_type=\"text-editor.default\">\n\t\t\t\t<div class=\"elementor-widget-container\">\n\t\t\t\t\t\t\t\t\t<p><strong>LANDHOF SIMETER GmbH<\/strong><\/p><p><a href=\"https:\/\/www.google.com\/maps\/place\/Landhof+Simeter+GMBH\/@46.8037172,13.5046411,17z\/data=!4m13!1m7!3m6!1s0x4770a34a9fbcec09:0xb5a669310ef6bab9!2sSt.+Sigmund+1,+9800+St.+Sigmund+im+Sellrain!3b1!8m2!3d46.8037172!4d13.5068298!3m4!1s0x4770a34a9fecbf15:0xf2ce25517c7e37a0!8m2!3d46.8037605!4d13.5068626\" target=\"_blank\" rel=\"noopener\">9800 Spittal\/Drau<\/a><br \/><a href=\"https:\/\/www.google.com\/maps\/place\/Landhof+Simeter+GMBH\/@46.8037172,13.5046411,17z\/data=!4m13!1m7!3m6!1s0x4770a34a9fbcec09:0xb5a669310ef6bab9!2sSt.+Sigmund+1,+9800+St.+Sigmund+im+Sellrain!3b1!8m2!3d46.8037172!4d13.5068298!3m4!1s0x4770a34a9fecbf15:0xf2ce25517c7e37a0!8m2!3d46.8037605!4d13.5068626\" target=\"_blank\" rel=\"noopener\">St. Sigmund 1<\/a><br \/>Tel.: <a href=\"tel:+43 4762 4752\">+43 4762 4752<\/a><br \/>E-Mail: <a href=\"mailto:info@simeter.at\">info@simeter.at<\/a><\/p>\t\t\t\t\t\t\t\t<\/div>\n\t\t\t\t<\/div>\n\t\t\t\t\t<\/div>\n\t\t<\/div>\n\t\t\t\t\t<\/div>\n\t\t<\/section>\n\t\t\t\t<\/div>\n\t\t\t\t<\/div>\n\t\t\t\t\t\t<\/div>\n\t\t\t\t<\/div>\n\t\t\t\t\t<\/div>\n\t\t<\/div>\n\t\t\t\t\t<\/div>\n\t\t<\/section>\n\t\t\t\t<\/div>\n\t\t","protected":false},"excerpt":{"rendered":"<p>La protezione dei tuoi dati personali \u00e8 particolarmente importante per noi. Pertanto elaboriamo i tuoi dati esclusivamente sulla base delle disposizioni di legge (GDPR, TKG 2003). In questa informativa sulla protezione dei dati ti informiamo sugli aspetti pi\u00f9 importanti del trattamento dei dati nell&#8217;ambito delle nostre attivit\u00e0 commerciali e del nostro sito web. Contatto con [&hellip;]<\/p>\n","protected":false},"author":1,"featured_media":1400,"parent":0,"menu_order":0,"comment_status":"closed","ping_status":"closed","template":"","meta":{"footnotes":""},"class_list":["post-1878","page","type-page","status-publish","has-post-thumbnail","hentry"],"yoast_head":"<!-- This site is optimized with the Yoast SEO plugin v27.5 - https:\/\/yoast.com\/product\/yoast-seo-wordpress\/ -->\n<title>Protezione dei dati - Landhof Simeter<\/title>\n<meta name=\"robots\" content=\"index, follow, max-snippet:-1, max-image-preview:large, max-video-preview:-1\" \/>\n<link rel=\"canonical\" href=\"https:\/\/simeter.at\/it\/privacy\/\" \/>\n<meta property=\"og:locale\" content=\"it_IT\" \/>\n<meta property=\"og:type\" content=\"article\" \/>\n<meta property=\"og:title\" content=\"Protezione dei dati - Landhof Simeter\" \/>\n<meta property=\"og:description\" content=\"La protezione dei tuoi dati personali \u00e8 particolarmente importante per noi. Pertanto elaboriamo i tuoi dati esclusivamente sulla base delle disposizioni di legge (GDPR, TKG 2003). In questa informativa sulla protezione dei dati ti informiamo sugli aspetti pi\u00f9 importanti del trattamento dei dati nell&#8217;ambito delle nostre attivit\u00e0 commerciali e del nostro sito web. Contatto con [&hellip;]\" \/>\n<meta property=\"og:url\" content=\"https:\/\/simeter.at\/it\/privacy\/\" \/>\n<meta property=\"og:site_name\" content=\"Landhof Simeter\" \/>\n<meta property=\"article:modified_time\" content=\"2024-09-30T08:01:51+00:00\" \/>\n<meta property=\"og:image\" content=\"https:\/\/simeter.at\/wp-content\/uploads\/2022\/08\/simeter-slider-home-1-1.jpg\" \/>\n\t<meta property=\"og:image:width\" content=\"1921\" \/>\n\t<meta property=\"og:image:height\" content=\"907\" \/>\n\t<meta property=\"og:image:type\" content=\"image\/jpeg\" \/>\n<meta name=\"twitter:card\" content=\"summary_large_image\" \/>\n<meta name=\"twitter:label1\" content=\"Tempo di lettura stimato\" \/>\n\t<meta name=\"twitter:data1\" content=\"5 minuti\" \/>\n<script type=\"application\/ld+json\" class=\"yoast-schema-graph\">{\"@context\":\"https:\\\/\\\/schema.org\",\"@graph\":[{\"@type\":\"WebPage\",\"@id\":\"https:\\\/\\\/simeter.at\\\/it\\\/privacy\\\/\",\"url\":\"https:\\\/\\\/simeter.at\\\/it\\\/privacy\\\/\",\"name\":\"Protezione dei dati - Landhof Simeter\",\"isPartOf\":{\"@id\":\"https:\\\/\\\/simeter.at\\\/#website\"},\"primaryImageOfPage\":{\"@id\":\"https:\\\/\\\/simeter.at\\\/it\\\/privacy\\\/#primaryimage\"},\"image\":{\"@id\":\"https:\\\/\\\/simeter.at\\\/it\\\/privacy\\\/#primaryimage\"},\"thumbnailUrl\":\"https:\\\/\\\/simeter.at\\\/wp-content\\\/uploads\\\/2022\\\/08\\\/simeter-slider-home-1-1.jpg\",\"datePublished\":\"2022-10-12T12:16:23+00:00\",\"dateModified\":\"2024-09-30T08:01:51+00:00\",\"breadcrumb\":{\"@id\":\"https:\\\/\\\/simeter.at\\\/it\\\/privacy\\\/#breadcrumb\"},\"inLanguage\":\"it-IT\",\"potentialAction\":[{\"@type\":\"ReadAction\",\"target\":[\"https:\\\/\\\/simeter.at\\\/it\\\/privacy\\\/\"]}]},{\"@type\":\"ImageObject\",\"inLanguage\":\"it-IT\",\"@id\":\"https:\\\/\\\/simeter.at\\\/it\\\/privacy\\\/#primaryimage\",\"url\":\"https:\\\/\\\/simeter.at\\\/wp-content\\\/uploads\\\/2022\\\/08\\\/simeter-slider-home-1-1.jpg\",\"contentUrl\":\"https:\\\/\\\/simeter.at\\\/wp-content\\\/uploads\\\/2022\\\/08\\\/simeter-slider-home-1-1.jpg\",\"width\":1921,\"height\":907,\"caption\":\"\u00a9 Landhof Simeter\"},{\"@type\":\"BreadcrumbList\",\"@id\":\"https:\\\/\\\/simeter.at\\\/it\\\/privacy\\\/#breadcrumb\",\"itemListElement\":[{\"@type\":\"ListItem\",\"position\":1,\"name\":\"Startseite\",\"item\":\"https:\\\/\\\/simeter.at\\\/it\\\/benvenuti\\\/\"},{\"@type\":\"ListItem\",\"position\":2,\"name\":\"Protezione dei dati\"}]},{\"@type\":\"WebSite\",\"@id\":\"https:\\\/\\\/simeter.at\\\/#website\",\"url\":\"https:\\\/\\\/simeter.at\\\/\",\"name\":\"Landhof Simeter\",\"description\":\"Eine weitere WordPress-Seite\",\"publisher\":{\"@id\":\"https:\\\/\\\/simeter.at\\\/#organization\"},\"potentialAction\":[{\"@type\":\"SearchAction\",\"target\":{\"@type\":\"EntryPoint\",\"urlTemplate\":\"https:\\\/\\\/simeter.at\\\/?s={search_term_string}\"},\"query-input\":{\"@type\":\"PropertyValueSpecification\",\"valueRequired\":true,\"valueName\":\"search_term_string\"}}],\"inLanguage\":\"it-IT\"},{\"@type\":\"Organization\",\"@id\":\"https:\\\/\\\/simeter.at\\\/#organization\",\"name\":\"Landhof Simeter\",\"url\":\"https:\\\/\\\/simeter.at\\\/\",\"logo\":{\"@type\":\"ImageObject\",\"inLanguage\":\"it-IT\",\"@id\":\"https:\\\/\\\/simeter.at\\\/#\\\/schema\\\/logo\\\/image\\\/\",\"url\":\"https:\\\/\\\/simeter.at\\\/wp-content\\\/uploads\\\/2022\\\/08\\\/simeter-logo.png\",\"contentUrl\":\"https:\\\/\\\/simeter.at\\\/wp-content\\\/uploads\\\/2022\\\/08\\\/simeter-logo.png\",\"width\":254,\"height\":76,\"caption\":\"Landhof Simeter \"},\"image\":{\"@id\":\"https:\\\/\\\/simeter.at\\\/#\\\/schema\\\/logo\\\/image\\\/\"}}]}<\/script>\n<!-- \/ Yoast SEO plugin. -->","yoast_head_json":{"title":"Protezione dei dati - Landhof Simeter","robots":{"index":"index","follow":"follow","max-snippet":"max-snippet:-1","max-image-preview":"max-image-preview:large","max-video-preview":"max-video-preview:-1"},"canonical":"https:\/\/simeter.at\/it\/privacy\/","og_locale":"it_IT","og_type":"article","og_title":"Protezione dei dati - Landhof Simeter","og_description":"La protezione dei tuoi dati personali \u00e8 particolarmente importante per noi. Pertanto elaboriamo i tuoi dati esclusivamente sulla base delle disposizioni di legge (GDPR, TKG 2003). In questa informativa sulla protezione dei dati ti informiamo sugli aspetti pi\u00f9 importanti del trattamento dei dati nell&#8217;ambito delle nostre attivit\u00e0 commerciali e del nostro sito web. Contatto con [&hellip;]","og_url":"https:\/\/simeter.at\/it\/privacy\/","og_site_name":"Landhof Simeter","article_modified_time":"2024-09-30T08:01:51+00:00","og_image":[{"width":1921,"height":907,"url":"https:\/\/simeter.at\/wp-content\/uploads\/2022\/08\/simeter-slider-home-1-1.jpg","type":"image\/jpeg"}],"twitter_card":"summary_large_image","twitter_misc":{"Tempo di lettura stimato":"5 minuti"},"schema":{"@context":"https:\/\/schema.org","@graph":[{"@type":"WebPage","@id":"https:\/\/simeter.at\/it\/privacy\/","url":"https:\/\/simeter.at\/it\/privacy\/","name":"Protezione dei dati - Landhof Simeter","isPartOf":{"@id":"https:\/\/simeter.at\/#website"},"primaryImageOfPage":{"@id":"https:\/\/simeter.at\/it\/privacy\/#primaryimage"},"image":{"@id":"https:\/\/simeter.at\/it\/privacy\/#primaryimage"},"thumbnailUrl":"https:\/\/simeter.at\/wp-content\/uploads\/2022\/08\/simeter-slider-home-1-1.jpg","datePublished":"2022-10-12T12:16:23+00:00","dateModified":"2024-09-30T08:01:51+00:00","breadcrumb":{"@id":"https:\/\/simeter.at\/it\/privacy\/#breadcrumb"},"inLanguage":"it-IT","potentialAction":[{"@type":"ReadAction","target":["https:\/\/simeter.at\/it\/privacy\/"]}]},{"@type":"ImageObject","inLanguage":"it-IT","@id":"https:\/\/simeter.at\/it\/privacy\/#primaryimage","url":"https:\/\/simeter.at\/wp-content\/uploads\/2022\/08\/simeter-slider-home-1-1.jpg","contentUrl":"https:\/\/simeter.at\/wp-content\/uploads\/2022\/08\/simeter-slider-home-1-1.jpg","width":1921,"height":907,"caption":"\u00a9 Landhof Simeter"},{"@type":"BreadcrumbList","@id":"https:\/\/simeter.at\/it\/privacy\/#breadcrumb","itemListElement":[{"@type":"ListItem","position":1,"name":"Startseite","item":"https:\/\/simeter.at\/it\/benvenuti\/"},{"@type":"ListItem","position":2,"name":"Protezione dei dati"}]},{"@type":"WebSite","@id":"https:\/\/simeter.at\/#website","url":"https:\/\/simeter.at\/","name":"Landhof Simeter","description":"Eine weitere WordPress-Seite","publisher":{"@id":"https:\/\/simeter.at\/#organization"},"potentialAction":[{"@type":"SearchAction","target":{"@type":"EntryPoint","urlTemplate":"https:\/\/simeter.at\/?s={search_term_string}"},"query-input":{"@type":"PropertyValueSpecification","valueRequired":true,"valueName":"search_term_string"}}],"inLanguage":"it-IT"},{"@type":"Organization","@id":"https:\/\/simeter.at\/#organization","name":"Landhof Simeter","url":"https:\/\/simeter.at\/","logo":{"@type":"ImageObject","inLanguage":"it-IT","@id":"https:\/\/simeter.at\/#\/schema\/logo\/image\/","url":"https:\/\/simeter.at\/wp-content\/uploads\/2022\/08\/simeter-logo.png","contentUrl":"https:\/\/simeter.at\/wp-content\/uploads\/2022\/08\/simeter-logo.png","width":254,"height":76,"caption":"Landhof Simeter "},"image":{"@id":"https:\/\/simeter.at\/#\/schema\/logo\/image\/"}}]}},"_links":{"self":[{"href":"https:\/\/simeter.at\/it\/wp-json\/wp\/v2\/pages\/1878","targetHints":{"allow":["GET"]}}],"collection":[{"href":"https:\/\/simeter.at\/it\/wp-json\/wp\/v2\/pages"}],"about":[{"href":"https:\/\/simeter.at\/it\/wp-json\/wp\/v2\/types\/page"}],"author":[{"embeddable":true,"href":"https:\/\/simeter.at\/it\/wp-json\/wp\/v2\/users\/1"}],"replies":[{"embeddable":true,"href":"https:\/\/simeter.at\/it\/wp-json\/wp\/v2\/comments?post=1878"}],"version-history":[{"count":3,"href":"https:\/\/simeter.at\/it\/wp-json\/wp\/v2\/pages\/1878\/revisions"}],"predecessor-version":[{"id":2261,"href":"https:\/\/simeter.at\/it\/wp-json\/wp\/v2\/pages\/1878\/revisions\/2261"}],"wp:featuredmedia":[{"embeddable":true,"href":"https:\/\/simeter.at\/it\/wp-json\/wp\/v2\/media\/1400"}],"wp:attachment":[{"href":"https:\/\/simeter.at\/it\/wp-json\/wp\/v2\/media?parent=1878"}],"curies":[{"name":"wp","href":"https:\/\/api.w.org\/{rel}","templated":true}]}}